{"id":2079,"date":"2025-01-29T00:47:45","date_gmt":"2025-01-29T00:47:45","guid":{"rendered":"https:\/\/towa-circuit.co.jp\/?page_id=2079"},"modified":"2025-01-29T00:54:42","modified_gmt":"2025-01-29T00:54:42","slug":"towanihanasu","status":"publish","type":"page","link":"https:\/\/towa-circuit.co.jp\/en\/towanihanasu\/","title":{"rendered":"CONTACT-en-"},"content":{"rendered":"<nav aria-label=\"bread\">\n<ol class=\"bread\">\n<li class=\"breaditem\"><a href=\"&lt;?php echo esc_url( home_url( '\/' ) ); ?&gt;\">\u30db\u30fc\u30e0<\/a><\/li>\n<li class=\"breaditem\"><a href=\"&lt;?php echo esc_url( home_url( '\/' ) ); ?&gt;towanihanasu\">\u304a\u554f\u3044\u5408\u308f\u305b<\/a><\/li>\n<\/ol>\n<\/nav>\n<h2><\/h2>\n<h2 class=\"comet\">Feel free to contact us with any technical inquiries.<br \/>\nEven before placing an order, we provide kind and thorough support.<br \/>\nIf you\u2019re unsure about PCB design and manufacturing or can\u2019t quite visualize it, no problem at all!<br \/>\nWe offer comprehensive support and tailored proposals.<\/h2>\n<h3 style=\"text-align: center;\">For inquiries by phone, please contact us here.<\/h3>\n<div class=\"wp-block-spacer\" style=\"height: 1em;\" aria-hidden=\"true\"><\/div>\n<p style=\"text-align: center;\"><span style=\"font-size: 18pt;\"><strong><a href=\"03-3436-0935\"><span style=\"font-size: 23pt;\">TEL\uff1a03-3436-0935<\/span><\/a><\/strong><\/span><\/p>\n<div class=\"wp-block-spacer\" style=\"height: 1em;\" aria-hidden=\"true\"><\/div>\n<h5 style=\"text-align: center;\">9:30 AM \u2013 6:00 PM \/ Closed: Saturdays, Sundays, and Public Holidays<\/h5>\n<div class=\"wp-block-spacer\" style=\"height: 1em;\" aria-hidden=\"true\"><\/div>\n<p class=\"p1\" style=\"text-align: center;\"><span style=\"font-size: 10pt;\">Please use the form below to contact us.<\/span><\/p>\n<p class=\"p1\" style=\"text-align: center;\"><span style=\"font-size: 10pt;\">After reviewing your inquiry, our representative will get in touch with you.<\/span><\/p>\n<p class=\"p1\" style=\"text-align: center;\"><span style=\"font-size: 10pt;\">For urgent matters, please contact us by phone.<\/span><\/p>\n<div class=\"wp-block-spacer\" style=\"height: 3em;\" aria-hidden=\"true\"><\/div>\n<p><code><\/code><\/p>\n<p><code>\n<div class=\"wpcf7 no-js\" id=\"wpcf7-f5-o1\" lang=\"ja\" dir=\"ltr\" data-wpcf7-id=\"5\">\n<div class=\"screen-reader-response\"><p role=\"status\" aria-live=\"polite\" aria-atomic=\"true\"><\/p> <ul><\/ul><\/div>\n<form action=\"\/en\/wp-json\/wp\/v2\/pages\/2079#wpcf7-f5-o1\" method=\"post\" class=\"wpcf7-form init\" aria-label=\"\u30b3\u30f3\u30bf\u30af\u30c8\u30d5\u30a9\u30fc\u30e0\" novalidate=\"novalidate\" data-status=\"init\">\n<fieldset class=\"hidden-fields-container\"><input type=\"hidden\" name=\"_wpcf7\" value=\"5\" \/><input type=\"hidden\" name=\"_wpcf7_version\" value=\"6.1.5\" \/><input type=\"hidden\" name=\"_wpcf7_locale\" value=\"ja\" \/><input type=\"hidden\" name=\"_wpcf7_unit_tag\" value=\"wpcf7-f5-o1\" \/><input type=\"hidden\" name=\"_wpcf7_container_post\" value=\"0\" \/><input type=\"hidden\" name=\"_wpcf7_posted_data_hash\" value=\"\" \/><input type=\"hidden\" name=\"redirect_nonce\" value=\"982129da29\" \/><input type=\"hidden\" name=\"wpcf7cfpdf_hidden_name\" value=\"document-pdf\" \/><input type=\"hidden\" name=\"wpcf7cfpdf_hidden_reference\" value=\"4352556b\" \/><input type=\"hidden\" name=\"wpcf7cfpdf_hidden_date\" value=\"05042026\" \/><input type=\"hidden\" name=\"_wpcf7_recaptcha_response\" value=\"\" \/>\n<\/fieldset>\n<dl class=\"contact-table\">\n\t<dt class=\"contact-item\">\n\t\t<p>\u304a\u540d\u524d<span class=\"required\">\u5fc5\u9808<\/span>\n\t\t<\/p>\n\t<\/dt>\n\t<dd class=\"contact-body\">\n\t\t<p><span class=\"wpcf7-form-control-wrap\" data-name=\"your-name\"><input size=\"40\" maxlength=\"400\" class=\"wpcf7-form-control wpcf7-text wpcf7-validates-as-required\" aria-required=\"true\" aria-invalid=\"false\" placeholder=\"\u4f8b\uff1a\u3042\u306a\u305f\u306e\u304a\u540d\u524d\" value=\"\" type=\"text\" name=\"your-name\" \/><\/span>\n\t\t<\/p>\n\t<\/dd>\n\t<dt class=\"contact-item\">\n\t\t<p>\u4f1a\u793e\u540d<span class=\"required\">\u5fc5\u9808<\/span>\n\t\t<\/p>\n\t<\/dt>\n\t<dd class=\"contact-body\">\n\t\t<p><span class=\"wpcf7-form-control-wrap\" data-name=\"your-company\"><input size=\"40\" maxlength=\"400\" class=\"wpcf7-form-control wpcf7-text wpcf7-validates-as-required\" aria-required=\"true\" aria-invalid=\"false\" placeholder=\"\u4f8b\uff1a\u25cb\u25cb\u682a\u5f0f\u4f1a\u793e\" value=\"\" type=\"text\" name=\"your-company\" \/><\/span>\n\t\t<\/p>\n\t<\/dd>\n\t<dt class=\"contact-item\">\n\t\t<p>\u96fb\u8a71\u756a\u53f7<span class=\"required\">\u5fc5\u9808<\/span>\n\t\t<\/p>\n\t<\/dt>\n\t<dd class=\"contact-body\">\n\t\t<p><span class=\"wpcf7-form-control-wrap\" data-name=\"your-tel\"><input size=\"40\" maxlength=\"400\" minlength=\"10\" class=\"wpcf7-form-control wpcf7-tel wpcf7-validates-as-required wpcf7-text wpcf7-validates-as-tel\" aria-required=\"true\" aria-invalid=\"false\" placeholder=\"\u4f8b\uff1a096-123-5678\" value=\"\" type=\"tel\" name=\"your-tel\" \/><\/span>\n\t\t<\/p>\n\t<\/dd>\n\t<dt class=\"contact-item\">\n\t\t<p>\u30e1\u30fc\u30eb\u30a2\u30c9\u30ec\u30b9<span class=\"required\">\u5fc5\u9808<\/span>\n\t\t<\/p>\n\t<\/dt>\n\t<dd class=\"contact-body\">\n\t\t<p><span class=\"wpcf7-form-control-wrap\" data-name=\"your-email\"><input size=\"40\" maxlength=\"400\" class=\"wpcf7-form-control wpcf7-email wpcf7-validates-as-required wpcf7-text wpcf7-validates-as-email\" aria-required=\"true\" aria-invalid=\"false\" placeholder=\"\u4f8b\uff1a\u00d7\u00d7\u00d7@\u00d7\u00d7\u00d7.com\" value=\"\" type=\"email\" name=\"your-email\" \/><\/span>\n\t\t<\/p>\n\t<\/dd>\n\t<dt class=\"contact-item\">\n\t\t<p>\u30e1\u30fc\u30eb\u30a2\u30c9\u30ec\u30b9\uff08\u518d\u5165\u529b\uff09<span class=\"required\">\u5fc5\u9808<\/span>\n\t\t<\/p>\n\t<\/dt>\n\t<dd class=\"contact-body\">\n\t\t<p><span class=\"wpcf7-form-control-wrap\" data-name=\"your-email-confirm\"><input size=\"40\" maxlength=\"400\" class=\"wpcf7-form-control wpcf7-email wpcf7-validates-as-required wpcf7-text wpcf7-validates-as-email\" aria-required=\"true\" aria-invalid=\"false\" placeholder=\"\u4f8b\uff1a\u00d7\u00d7\u00d7@\u00d7\u00d7\u00d7.com\" value=\"\" type=\"email\" name=\"your-email-confirm\" \/><\/span>\n\t\t<\/p>\n\t<\/dd>\n\t<dt class=\"contact-item\">\n\t\t<p>\u4f4f\u6240\n\t\t<\/p>\n\t<\/dt>\n\t<dd class=\"contact-body\">\n\t\t<p><span class=\"wpcf7-form-control-wrap\" data-name=\"your-address\"><input size=\"40\" maxlength=\"400\" class=\"wpcf7-form-control wpcf7-text wpcf7-validates-as-required\" aria-required=\"true\" aria-invalid=\"false\" placeholder=\"\u4f8b\uff1a\u6771\u4eac\u90fd\u3007\u3007\u533a\" value=\"\" type=\"text\" name=\"your-address\" \/><\/span>\n\t\t<\/p>\n\t<\/dd>\n\t<div>\n\t\t<dt class=\"contact-itemdrop\">\n\t\t\t<p>\u304a\u554f\u3044\u5408\u308f\u305b\u7a2e\u5225\n\t\t\t<\/p>\n\t\t<\/dt>\n\t\t<dd class=\"contact-drop\">\n\t\t\t<p><span class=\"wpcf7-form-control-wrap\" data-name=\"your-select\"><select class=\"wpcf7-form-control wpcf7-select wpcf7-validates-as-required\" aria-required=\"true\" aria-invalid=\"false\" name=\"your-select\"><option value=\"\">\u9078\u629e\u3057\u3066\u4e0b\u3055\u3044\u25bc<\/option><option value=\"\u57fa\u677f\u8a2d\u8a08\u306b\u3064\u3044\u3066\">\u57fa\u677f\u8a2d\u8a08\u306b\u3064\u3044\u3066<\/option><option value=\"\u6c42\u4eba\u306b\u3064\u3044\u3066\">\u6c42\u4eba\u306b\u3064\u3044\u3066<\/option><option value=\"\u305d\u306e\u4ed6\">\u305d\u306e\u4ed6<\/option><\/select><\/span>\n\t\t\t<\/p>\n\t\t<\/dd>\n\t<\/div>\n\t<div class=\"cnaiyou\">\n\t\t<dt class=\"contact-itemdrop\">\n\t\t\t<p>\u304a\u554f\u3044\u5408\u308f\u305b\u5185\u5bb9\n\t\t\t<\/p>\n\t\t<\/dt>\n\t\t<dd class=\"contact-naiyou\">\n\t\t\t<p><span class=\"wpcf7-form-control-wrap\" data-name=\"textarea-301\"><textarea cols=\"40\" rows=\"10\" maxlength=\"2000\" class=\"wpcf7-form-control wpcf7-textarea naiyou\" aria-invalid=\"false\" placeholder=\"\u4f8b\uff1a\u304a\u554f\u3044\u5408\u308f\u305b\u306b\u3064\u3044\u3066\" name=\"textarea-301\"><\/textarea><\/span>\n\t\t\t<\/p>\n\t\t<\/dd>\n\t<\/div>\n\t<dt class=\"contact-item\">\n\t\t<p>\u500b\u4eba\u60c5\u5831\u306e\u53d6\u308a\u6271\u3044\u306b\u3064\u3044\u3066\n\t\t<\/p>\n\t<\/dt>\n\t<dd class=\"contact-doui\">\n\t\t<p><span class=\"wpcf7-form-control-wrap\" data-name=\"acceptance-150\"><span class=\"wpcf7-form-control wpcf7-acceptance optional\"><span class=\"wpcf7-list-item\"><input type=\"checkbox\" name=\"acceptance-150\" value=\"1\" aria-invalid=\"false\" \/><\/span><\/span><\/span>\u898f\u7d04\u306b\u540c\u610f\u3057\u3066\u30c1\u30a7\u30c3\u30af\n\t\t<\/p>\n\t<\/dd>\n<\/dl>\n<p class=\"contact-submit\"><input class=\"wpcf7-form-control wpcf7-submit has-spinner\" type=\"submit\" value=\"\u9001\u4fe1\u3059\u308b\" \/>\n<\/p>\n<p class=\"recap\">This site is protected by reCAPTCHA and the Google <a \u3000\u3000\u3000\u3000\u3000href=\"https:\/\/policies.google.com\/privacy\">Privacy Policy<\/a> and <a href=\"https:\/\/policies.google.com\/terms\">Terms of Service<\/a> apply.\n<\/p>\n<p><script>\n document.addEventListener( 'wpcf7mailsent', function( event ) {\n location = 'https:\/\/towa-circuit.co.jp\/contact-thanks\/';\n }, false );\n <\/script>\n<\/p><div class=\"wpcf7-response-output\" aria-hidden=\"true\"><\/div>\n<\/form>\n<\/div>\n<\/code><\/p>\n<p>&nbsp;<\/p>\n","protected":false},"excerpt":{"rendered":"<p>\u30db\u30fc\u30e0 \u304a\u554f\u3044\u5408\u308f\u305b Feel free to contact us with any technical inquiries. Even before placing an order, we provide kind and thorough support. If you\u2019re unsure about PCB design and manufacturing or can\u2019t quite visualize it, no problem at all! We offer comprehensive support and tailored proposals. For inquiries by phone, please contact us here. TEL\uff1a03-3436-0935 [&hellip;]<\/p>\n","protected":false},"author":1,"featured_media":0,"parent":0,"menu_order":0,"comment_status":"closed","ping_status":"closed","template":"","meta":{"_acf_changed":false,"_locale":"en_US","_original_post":"https:\/\/towa-circuit.co.jp\/wp\/?page_id=79","footnotes":""},"class_list":["post-2079","page","type-page","status-publish","hentry","en-US"],"acf":[],"_links":{"self":[{"href":"https:\/\/towa-circuit.co.jp\/wp-json\/wp\/v2\/pages\/2079","targetHints":{"allow":["GET"]}}],"collection":[{"href":"https:\/\/towa-circuit.co.jp\/wp-json\/wp\/v2\/pages"}],"about":[{"href":"https:\/\/towa-circuit.co.jp\/wp-json\/wp\/v2\/types\/page"}],"author":[{"embeddable":true,"href":"https:\/\/towa-circuit.co.jp\/wp-json\/wp\/v2\/users\/1"}],"replies":[{"embeddable":true,"href":"https:\/\/towa-circuit.co.jp\/wp-json\/wp\/v2\/comments?post=2079"}],"version-history":[{"count":4,"href":"https:\/\/towa-circuit.co.jp\/wp-json\/wp\/v2\/pages\/2079\/revisions"}],"predecessor-version":[{"id":2087,"href":"https:\/\/towa-circuit.co.jp\/wp-json\/wp\/v2\/pages\/2079\/revisions\/2087"}],"wp:attachment":[{"href":"https:\/\/towa-circuit.co.jp\/wp-json\/wp\/v2\/media?parent=2079"}],"curies":[{"name":"wp","href":"https:\/\/api.w.org\/{rel}","templated":true}]}}